{"id":818,"date":"2023-06-15T14:31:14","date_gmt":"2023-06-15T14:31:14","guid":{"rendered":"http:\/\/148.76.139.49\/qci-global\/?page_id=818"},"modified":"2023-07-07T11:51:23","modified_gmt":"2023-07-07T11:51:23","slug":"assurance-terms-conditions","status":"publish","type":"page","link":"http:\/\/148.76.139.49\/qci-global\/assurance-terms-conditions\/","title":{"rendered":"Assurance Terms &amp; Conditions"},"content":{"rendered":"\n<section class=\"info\">\n         <div class=\"container\">\n            <div class=\"row\">\n               <div class=\"col-md-12\">\n                  <h1>Assurance Terms &#038; Conditions<\/h1>\n               <\/div>\n            <\/div>\n         <\/div>\n      <\/section>\n\n\n\n<section class=\"pt-0\">\n         <div class=\"container\">\n            <div class=\"row\">\n               <div class=\"col-md-12\">\n                  <div class=\"schemeListing\">\n                     <h2 class=\"mb-0\">Asia-Pacific<\/h2>\n                      <a href=\"#\" target=\"_blank\" class=\"schemeList\" rel=\"noopener\">\n                        <div class=\"middleContentOuter\">\n                           <div class=\"icon\"><\/div>\n                           <div class=\"schemeListTitle\">\n                              <h4 class=\"mb-0\">Australia (UK English)<\/h4>\n\t\t\t\t\t\t\t  <p>Terms and Conditions for Certification, Assessment Services and TradeMark Licence<\/p>\n                           <\/div>\n                        <\/div>\n                     <\/a>\n\t\t\t\t\t <a href=\"#\" target=\"_blank\" class=\"schemeList\" rel=\"noopener\">\n                        <div class=\"middleContentOuter\">\n                           <div class=\"icon\"><\/div>\n                           <div class=\"schemeListTitle\">\n                              <h4 class=\"mb-0\">Indonesia (Bahasa)<\/h4>\n\t\t\t\t\t\t\t  <p>Ketentuan &#038; syarat-syarat untuk Jasa Sertifikasi, Penilaian dan Lisensi Merek Dagang<\/p>\n                           <\/div>\n                        <\/div>\n                     <\/a>\n                  <\/div>\n\t\t\t\t  <div class=\"schemeListing\">\n                     <h2 class=\"mb-0\">The Americas<\/h2>\n                      <a href=\"#\" target=\"_blank\" class=\"schemeList\" rel=\"noopener\">\n                        <div class=\"middleContentOuter\">\n                           <div class=\"icon\"><\/div>\n                           <div class=\"schemeListTitle\">\n                              <h4 class=\"mb-0\">United States &#038; Canada (US English)<\/h4>\n\t\t\t\t\t\t\t  <p>Agreement for Accredited Conformity Assessment Services<\/p>\n                           <\/div>\n                        <\/div>\n                     <\/a>\n\t\t\t\t\t <a href=\"#\" target=\"_blank\" class=\"schemeList\" rel=\"noopener\">\n                        <div class=\"middleContentOuter\">\n                           <div class=\"icon\"><\/div>\n                           <div class=\"schemeListTitle\">\n                              <h4 class=\"mb-0\">United States &#038; Canada (Spanish)<\/h4>\n\t\t\t\t\t\t\t  <p>Contrato de Servicios Acreditados de Evaluaci\u00f3n de la Conformidad<\/p>\n                           <\/div>\n                        <\/div>\n                     <\/a>\n\t\t\t\t\t <a href=\"#\" target=\"_blank\" class=\"schemeList\" rel=\"noopener\">\n                        <div class=\"middleContentOuter\">\n                           <div class=\"icon\"><\/div>\n                           <div class=\"schemeListTitle\">\n                              <h4 class=\"mb-0\">United States &#038; Canada (French)<\/h4>\n\t\t\t\t\t\t\t  <p>Entente de prestation de services d\u2019\u00e9valuation de la conformit\u00e9 accr\u00e9dit\u00e9s<\/p>\n                           <\/div>\n                        <\/div>\n                     <\/a>\n                  <\/div>\n\t\t\t\t  <div class=\"schemeListing\">\n                     <h2 class=\"mb-0\">Europe<\/h2>\n                      <a href=\"#\" target=\"_blank\" class=\"schemeList\" rel=\"noopener\">\n                        <div class=\"middleContentOuter\">\n                           <div class=\"icon\"><\/div>\n                           <div class=\"schemeListTitle\">\n                              <h4 class=\"mb-0\">United Kingdom (UK English)<\/h4>\n\t\t\t\t\t\t\t  <p>Accredited Assessment Services Terms and Conditions<\/p>\n                           <\/div>\n                        <\/div>\n                     <\/a>\n\t\t\t\t\t <a href=\"#\" target=\"_blank\" class=\"schemeList\" rel=\"noopener\">\n                        <div class=\"middleContentOuter\">\n                           <div class=\"icon\"><\/div>\n                           <div class=\"schemeListTitle\">\n                              <h4 class=\"mb-0\">Ireland (UK English)<\/h4>\n\t\t\t\t\t\t\t  <p>Accredited Assessment Services Terms and Conditions<\/p>\n                           <\/div>\n                        <\/div>\n                     <\/a>\n\t\t\t\t\t <a href=\"#\" target=\"_blank\" class=\"schemeList\" rel=\"noopener\">\n                        <div class=\"middleContentOuter\">\n                           <div class=\"icon\"><\/div>\n                           <div class=\"schemeListTitle\">\n                              <h4 class=\"mb-0\">Poland (Polish)<\/h4>\n\t\t\t\t\t\t\t  <p>Akredytowane us\u0142ugi w zakresie oceny Warunki<\/p>\n                           <\/div>\n                        <\/div>\n                     <\/a>\n\t\t\t\t\t <a href=\"#\" target=\"_blank\" class=\"schemeList\" rel=\"noopener\">\n                        <div class=\"middleContentOuter\">\n                           <div class=\"icon\"><\/div>\n                           <div class=\"schemeListTitle\">\n                              <h4 class=\"mb-0\">France (French)<\/h4>\n\t\t\t\t\t\t\t  <p>Entente de prestation de services d\u2019\u00e9valuation de la conformit\u00e9 accr\u00e9dit\u00e9s<\/p>\n                           <\/div>\n                        <\/div>\n                     <\/a>\n\t\t\t\t\t <a href=\"#\" target=\"_blank\" class=\"schemeList\" rel=\"noopener\">\n                        <div class=\"middleContentOuter\">\n                           <div class=\"icon\"><\/div>\n                           <div class=\"schemeListTitle\">\n                              <h4 class=\"mb-0\">France (French)<\/h4>\n\t\t\t\t\t\t\t  <p>Services d\u2019\u00e9valuation accr\u00e9dit\u00e9s Conditions g\u00e9n\u00e9rales<\/p>\n                           <\/div>\n                        <\/div>\n                     <\/a>\n\t\t\t\t\t <a href=\"#\" target=\"_blank\" class=\"schemeList\" rel=\"noopener\">\n                        <div class=\"middleContentOuter\">\n                           <div class=\"icon\"><\/div>\n                           <div class=\"schemeListTitle\">\n                              <h4 class=\"mb-0\">Spain (Spanish)<\/h4>\n\t\t\t\t\t\t\t  <p>Servicios de evaluaci\u00f3n acreditados T\u00e9rminos y condiciones<\/p>\n                           <\/div>\n                        <\/div>\n                     <\/a>\n\t\t\t\t\t <a href=\"#\" target=\"_blank\" class=\"schemeList\" rel=\"noopener\">\n                        <div class=\"middleContentOuter\">\n                           <div class=\"icon\"><\/div>\n                           <div class=\"schemeListTitle\">\n                              <h4 class=\"mb-0\">Germany (German)<\/h4>\n\t\t\t\t\t\t\t  <p>Bedingungen f\u00fcr anerkannte Begutachtungsdienstleistungen<\/p>\n                           <\/div>\n                        <\/div>\n                     <\/a>\n\t\t\t\t\t <a href=\"#\" target=\"_blank\" class=\"schemeList\" rel=\"noopener\">\n                        <div class=\"middleContentOuter\">\n                           <div class=\"icon\"><\/div>\n                           <div class=\"schemeListTitle\">\n                              <h4 class=\"mb-0\">Italy (Italian)<\/h4>\n\t\t\t\t\t\t\t  <p>Servizi di valutazione accreditati Termini e condizioni<\/p>\n                           <\/div>\n                        <\/div>\n                     <\/a>\n\t\t\t\t\t <a href=\"#\" target=\"_blank\" class=\"schemeList\" rel=\"noopener\">\n                        <div class=\"middleContentOuter\">\n                           <div class=\"icon\"><\/div>\n                           <div class=\"schemeListTitle\">\n                              <h4 class=\"mb-0\">Russia (Russian)<\/h4>\n\t\t\t\t\t\t\t  <p>\u0410\u043a\u043a\u0440\u0435\u0434\u0438\u0442\u043e\u0432\u0430\u043d\u043d\u044b\u0435 \u0443\u0441\u043b\u0443\u0433\u0438 \u043f\u043e \u043e\u0446\u0435\u043d\u043a\u0435 \u0423\u0441\u043b\u043e\u0432\u0438\u044f \u0438 \u043f\u043e\u043b\u043e\u0436\u0435\u043d\u0438\u044f<\/p>\n                           <\/div>\n                        <\/div>\n                     <\/a>\n\t\t\t\t\t <a href=\"#\" target=\"_blank\" class=\"schemeList\" rel=\"noopener\">\n                        <div class=\"middleContentOuter\">\n                           <div class=\"icon\"><\/div>\n                           <div class=\"schemeListTitle\">\n                              <h4 class=\"mb-0\">Turkey (Turkish)<\/h4>\n\t\t\t\t\t\t\t  <p>Akredite Uygunluk De\u011ferlendirme Hizmetleri S\u00f6zle\u015fmesi<\/p>\n                           <\/div>\n                        <\/div>\n                     <\/a>\n                  <\/div>\t\t\t\t  \n               <\/div>\n            <\/div>\n         <\/div>\n      <\/section>\n","protected":false},"excerpt":{"rendered":"<p>Assurance Terms &#038; Conditions Asia-Pacific Australia (UK English) Terms and Conditions for Certification, Assessment Services and TradeMark Licence Indonesia (Bahasa) Ketentuan &#038; syarat-syarat untuk Jasa&hellip;<\/p>\n","protected":false},"author":1,"featured_media":1459,"parent":0,"menu_order":0,"comment_status":"closed","ping_status":"closed","template":"main-template.php","meta":[],"categories":[],"tags":[],"yoast_head":"<!-- This site is optimized with the Yoast SEO plugin v20.8 - https:\/\/yoast.com\/wordpress\/plugins\/seo\/ -->\n<title>Assurance Terms &amp; Conditions - QCI Global<\/title>\n<meta name=\"robots\" content=\"index, follow, max-snippet:-1, max-image-preview:large, max-video-preview:-1\" \/>\n<link rel=\"canonical\" href=\"http:\/\/148.76.139.49\/qci-global\/assurance-terms-conditions\/\" \/>\n<meta property=\"og:locale\" content=\"en_US\" \/>\n<meta property=\"og:type\" content=\"article\" \/>\n<meta property=\"og:title\" content=\"Assurance Terms &amp; Conditions - QCI Global\" \/>\n<meta property=\"og:description\" content=\"Assurance Terms &#038; Conditions Asia-Pacific Australia (UK English) Terms and Conditions for Certification, Assessment Services and TradeMark Licence Indonesia (Bahasa) Ketentuan &#038; syarat-syarat untuk Jasa&hellip;\" \/>\n<meta property=\"og:url\" content=\"http:\/\/148.76.139.49\/qci-global\/assurance-terms-conditions\/\" \/>\n<meta property=\"og:site_name\" content=\"QCI Global\" \/>\n<meta property=\"article:modified_time\" content=\"2023-07-07T11:51:23+00:00\" \/>\n<meta property=\"og:image\" content=\"http:\/\/148.76.139.49\/qci-global\/wp-content\/uploads\/2023\/07\/Assurance-Terms-Conditions.jpg\" \/>\n\t<meta property=\"og:image:width\" content=\"400\" \/>\n\t<meta property=\"og:image:height\" content=\"400\" \/>\n\t<meta property=\"og:image:type\" content=\"image\/jpeg\" \/>\n<meta name=\"twitter:card\" content=\"summary_large_image\" \/>\n<meta name=\"twitter:label1\" content=\"Est. reading time\" \/>\n\t<meta name=\"twitter:data1\" content=\"1 minute\" \/>\n<script type=\"application\/ld+json\" class=\"yoast-schema-graph\">{\"@context\":\"https:\/\/schema.org\",\"@graph\":[{\"@type\":\"WebPage\",\"@id\":\"http:\/\/148.76.139.49\/qci-global\/assurance-terms-conditions\/\",\"url\":\"http:\/\/148.76.139.49\/qci-global\/assurance-terms-conditions\/\",\"name\":\"Assurance Terms &amp; Conditions - QCI Global\",\"isPartOf\":{\"@id\":\"http:\/\/148.76.139.49\/qci-global\/#website\"},\"datePublished\":\"2023-06-15T14:31:14+00:00\",\"dateModified\":\"2023-07-07T11:51:23+00:00\",\"breadcrumb\":{\"@id\":\"http:\/\/148.76.139.49\/qci-global\/assurance-terms-conditions\/#breadcrumb\"},\"inLanguage\":\"en-US\",\"potentialAction\":[{\"@type\":\"ReadAction\",\"target\":[\"http:\/\/148.76.139.49\/qci-global\/assurance-terms-conditions\/\"]}]},{\"@type\":\"BreadcrumbList\",\"@id\":\"http:\/\/148.76.139.49\/qci-global\/assurance-terms-conditions\/#breadcrumb\",\"itemListElement\":[{\"@type\":\"ListItem\",\"position\":1,\"name\":\"Home\",\"item\":\"http:\/\/148.76.139.49\/qci-global\/\"},{\"@type\":\"ListItem\",\"position\":2,\"name\":\"Assurance Terms &amp; Conditions\"}]},{\"@type\":\"WebSite\",\"@id\":\"http:\/\/148.76.139.49\/qci-global\/#website\",\"url\":\"http:\/\/148.76.139.49\/qci-global\/\",\"name\":\"QCI Global\",\"description\":\"| Audit &amp; Certification | QCI Global USA\",\"publisher\":{\"@id\":\"http:\/\/148.76.139.49\/qci-global\/#organization\"},\"potentialAction\":[{\"@type\":\"SearchAction\",\"target\":{\"@type\":\"EntryPoint\",\"urlTemplate\":\"http:\/\/148.76.139.49\/qci-global\/?s={search_term_string}\"},\"query-input\":\"required name=search_term_string\"}],\"inLanguage\":\"en-US\"},{\"@type\":\"Organization\",\"@id\":\"http:\/\/148.76.139.49\/qci-global\/#organization\",\"name\":\"QCI Global\",\"url\":\"http:\/\/148.76.139.49\/qci-global\/\",\"logo\":{\"@type\":\"ImageObject\",\"inLanguage\":\"en-US\",\"@id\":\"http:\/\/148.76.139.49\/qci-global\/#\/schema\/logo\/image\/\",\"url\":\"http:\/\/148.76.139.49\/qci-global\/wp-content\/uploads\/2023\/07\/logo.png\",\"contentUrl\":\"http:\/\/148.76.139.49\/qci-global\/wp-content\/uploads\/2023\/07\/logo.png\",\"width\":200,\"height\":156,\"caption\":\"QCI Global\"},\"image\":{\"@id\":\"http:\/\/148.76.139.49\/qci-global\/#\/schema\/logo\/image\/\"}}]}<\/script>\n<!-- \/ Yoast SEO plugin. -->","yoast_head_json":{"title":"Assurance Terms &amp; Conditions - QCI Global","robots":{"index":"index","follow":"follow","max-snippet":"max-snippet:-1","max-image-preview":"max-image-preview:large","max-video-preview":"max-video-preview:-1"},"canonical":"http:\/\/148.76.139.49\/qci-global\/assurance-terms-conditions\/","og_locale":"en_US","og_type":"article","og_title":"Assurance Terms &amp; Conditions - QCI Global","og_description":"Assurance Terms &#038; Conditions Asia-Pacific Australia (UK English) Terms and Conditions for Certification, Assessment Services and TradeMark Licence Indonesia (Bahasa) Ketentuan &#038; syarat-syarat untuk Jasa&hellip;","og_url":"http:\/\/148.76.139.49\/qci-global\/assurance-terms-conditions\/","og_site_name":"QCI Global","article_modified_time":"2023-07-07T11:51:23+00:00","og_image":[{"width":400,"height":400,"url":"http:\/\/148.76.139.49\/qci-global\/wp-content\/uploads\/2023\/07\/Assurance-Terms-Conditions.jpg","type":"image\/jpeg"}],"twitter_card":"summary_large_image","twitter_misc":{"Est. reading time":"1 minute"},"schema":{"@context":"https:\/\/schema.org","@graph":[{"@type":"WebPage","@id":"http:\/\/148.76.139.49\/qci-global\/assurance-terms-conditions\/","url":"http:\/\/148.76.139.49\/qci-global\/assurance-terms-conditions\/","name":"Assurance Terms &amp; Conditions - QCI Global","isPartOf":{"@id":"http:\/\/148.76.139.49\/qci-global\/#website"},"datePublished":"2023-06-15T14:31:14+00:00","dateModified":"2023-07-07T11:51:23+00:00","breadcrumb":{"@id":"http:\/\/148.76.139.49\/qci-global\/assurance-terms-conditions\/#breadcrumb"},"inLanguage":"en-US","potentialAction":[{"@type":"ReadAction","target":["http:\/\/148.76.139.49\/qci-global\/assurance-terms-conditions\/"]}]},{"@type":"BreadcrumbList","@id":"http:\/\/148.76.139.49\/qci-global\/assurance-terms-conditions\/#breadcrumb","itemListElement":[{"@type":"ListItem","position":1,"name":"Home","item":"http:\/\/148.76.139.49\/qci-global\/"},{"@type":"ListItem","position":2,"name":"Assurance Terms &amp; Conditions"}]},{"@type":"WebSite","@id":"http:\/\/148.76.139.49\/qci-global\/#website","url":"http:\/\/148.76.139.49\/qci-global\/","name":"QCI Global","description":"| Audit &amp; Certification | QCI Global USA","publisher":{"@id":"http:\/\/148.76.139.49\/qci-global\/#organization"},"potentialAction":[{"@type":"SearchAction","target":{"@type":"EntryPoint","urlTemplate":"http:\/\/148.76.139.49\/qci-global\/?s={search_term_string}"},"query-input":"required name=search_term_string"}],"inLanguage":"en-US"},{"@type":"Organization","@id":"http:\/\/148.76.139.49\/qci-global\/#organization","name":"QCI Global","url":"http:\/\/148.76.139.49\/qci-global\/","logo":{"@type":"ImageObject","inLanguage":"en-US","@id":"http:\/\/148.76.139.49\/qci-global\/#\/schema\/logo\/image\/","url":"http:\/\/148.76.139.49\/qci-global\/wp-content\/uploads\/2023\/07\/logo.png","contentUrl":"http:\/\/148.76.139.49\/qci-global\/wp-content\/uploads\/2023\/07\/logo.png","width":200,"height":156,"caption":"QCI Global"},"image":{"@id":"http:\/\/148.76.139.49\/qci-global\/#\/schema\/logo\/image\/"}}]}},"_links":{"self":[{"href":"http:\/\/148.76.139.49\/qci-global\/wp-json\/wp\/v2\/pages\/818"}],"collection":[{"href":"http:\/\/148.76.139.49\/qci-global\/wp-json\/wp\/v2\/pages"}],"about":[{"href":"http:\/\/148.76.139.49\/qci-global\/wp-json\/wp\/v2\/types\/page"}],"author":[{"embeddable":true,"href":"http:\/\/148.76.139.49\/qci-global\/wp-json\/wp\/v2\/users\/1"}],"replies":[{"embeddable":true,"href":"http:\/\/148.76.139.49\/qci-global\/wp-json\/wp\/v2\/comments?post=818"}],"version-history":[{"count":7,"href":"http:\/\/148.76.139.49\/qci-global\/wp-json\/wp\/v2\/pages\/818\/revisions"}],"predecessor-version":[{"id":827,"href":"http:\/\/148.76.139.49\/qci-global\/wp-json\/wp\/v2\/pages\/818\/revisions\/827"}],"wp:featuredmedia":[{"embeddable":true,"href":"http:\/\/148.76.139.49\/qci-global\/wp-json\/wp\/v2\/media\/1459"}],"wp:attachment":[{"href":"http:\/\/148.76.139.49\/qci-global\/wp-json\/wp\/v2\/media?parent=818"}],"wp:term":[{"taxonomy":"category","embeddable":true,"href":"http:\/\/148.76.139.49\/qci-global\/wp-json\/wp\/v2\/categories?post=818"},{"taxonomy":"post_tag","embeddable":true,"href":"http:\/\/148.76.139.49\/qci-global\/wp-json\/wp\/v2\/tags?post=818"}],"curies":[{"name":"wp","href":"https:\/\/api.w.org\/{rel}","templated":true}]}}